{"id":51,"date":"2024-01-09T03:31:37","date_gmt":"2024-01-09T02:31:37","guid":{"rendered":"https:\/\/kraftdjur.com\/?page_id=51"},"modified":"2025-03-26T17:16:13","modified_gmt":"2025-03-26T16:16:13","slug":"om-kraftdjur","status":"publish","type":"page","link":"https:\/\/kraftdjur.com\/index.php\/om-kraftdjur\/","title":{"rendered":"Om Kraftdjur"},"content":{"rendered":"\n<figure class=\"wp-block-image size-full\"><img loading=\"lazy\" decoding=\"async\" width=\"2200\" height=\"446\" src=\"http:\/\/kraftdjur.com\/wp-content\/uploads\/2024\/01\/cropped-cbb30df3-5913-4092-8a4d-1c1c75074eb0-1.jpeg\" alt=\"\" class=\"wp-image-47\" srcset=\"https:\/\/kraftdjur.com\/wp-content\/uploads\/2024\/01\/cropped-cbb30df3-5913-4092-8a4d-1c1c75074eb0-1.jpeg 2200w, https:\/\/kraftdjur.com\/wp-content\/uploads\/2024\/01\/cropped-cbb30df3-5913-4092-8a4d-1c1c75074eb0-1-300x61.jpeg 300w, https:\/\/kraftdjur.com\/wp-content\/uploads\/2024\/01\/cropped-cbb30df3-5913-4092-8a4d-1c1c75074eb0-1-1024x208.jpeg 1024w, https:\/\/kraftdjur.com\/wp-content\/uploads\/2024\/01\/cropped-cbb30df3-5913-4092-8a4d-1c1c75074eb0-1-768x156.jpeg 768w, https:\/\/kraftdjur.com\/wp-content\/uploads\/2024\/01\/cropped-cbb30df3-5913-4092-8a4d-1c1c75074eb0-1-1536x311.jpeg 1536w, https:\/\/kraftdjur.com\/wp-content\/uploads\/2024\/01\/cropped-cbb30df3-5913-4092-8a4d-1c1c75074eb0-1-2048x415.jpeg 2048w\" sizes=\"auto, (max-width: 2200px) 100vw, 2200px\" \/><\/figure>\n\n\n\n<h2 class=\"wp-block-heading\">Vad \u00e4r Kraftdjur?<\/h2>\n\n\n\n<p>Kraftdjur \u00e4r ett uttryck f\u00f6r den energi vi kan f\u00e5 (l\u00e5na) av olika djur. Det kan vara vanliga djur som hund, katt och h\u00f6na eller det kan vara exotiska djur som tiger och k\u00e4nguru. Det kan \u00e4ven vara mytologiska djur och sagov\u00e4sen som drakar och enh\u00f6rningar.<\/p>\n\n\n\n<p>Alla har ett \u201deget kraftdjur\u201d som f\u00f6ljer oss hela livet och till viss del p\u00e5verkar v\u00e5r personlighet. Det kraftdjuret beskyddar oss, f\u00e5r oss att v\u00e4xa och utvecklas. Vissa personer vet instinktivt vilket som \u00e4r deras kraftdjur men m\u00e5nga ser och k\u00e4nner det inte eller f\u00f6rtr\u00e4nger de tecken dom f\u00e5r. Ju mer observant du \u00e4r p\u00e5 \u201dtillf\u00e4lligheter\u201d ju mer kommer du att se och sakta b\u00f6rja ana att det inte \u00e4r tillf\u00e4lligheter\u2026 Det \u00e4r ditt kraftdjur som kommunicerar med dig.<\/p>\n\n\n\n<p>Ut\u00f6ver sitt eget kraftdjur har man st\u00e4ndigt flera tillf\u00e4lliga kraftdjur. Det kan vara haren som skuttade \u00f6ver v\u00e4gen, talgoxen vid f\u00e5gelbordet eller en dr\u00f6m, en tanke eller en bild i en tidning. Ett kraftdjur \u00e4r oftast till f\u00f6r att skydda och st\u00e4rka, men ibland f\u00f6r att l\u00e4ra oss eller g\u00f6ra oss uppm\u00e4rksamma p\u00e5 n\u00e5got.&nbsp;<\/p>\n\n\n\n<p>B\u00f6rja med att \u00f6ppna \u00f6gon och \u00f6ron.<\/p>\n\n\n\n<p>Andra namn f\u00f6r kraftdjur \u00e4r totemdjur och fylgjor.<\/p>\n\n\n\n<h2 class=\"wp-block-heading\">Fyra klaner<\/h2>\n\n\n\n<div class=\"wp-block-buttons is-layout-flex wp-block-buttons-is-layout-flex\">\n<div class=\"wp-block-button\"><a class=\"wp-block-button__link wp-element-button\" href=\"https:\/\/kraftdjur.com\/index.php\/fyra-klaner\/\">L\u00e4s mer >><\/a><\/div>\n<\/div>\n\n\n\n<h2 class=\"wp-block-heading\">Vem \u00e4ger r\u00e4tten att tolka djurens budskap och energier?<\/h2>\n\n\n\n<div class=\"wp-block-buttons is-layout-flex wp-block-buttons-is-layout-flex\">\n<div class=\"wp-block-button\"><a class=\"wp-block-button__link wp-element-button\" href=\"https:\/\/kraftdjur.com\/index.php\/vem-ager-ratten-att-tolka-djurens-budskap-och-energier\/\">L\u00e4s mer >><\/a><\/div>\n<\/div>\n\n\n\n<h2 class=\"wp-block-heading\">Var kommer djurens ord ifr\u00e5n?<\/h2>\n\n\n\n<div class=\"wp-block-buttons is-layout-flex wp-block-buttons-is-layout-flex\">\n<div class=\"wp-block-button\"><a class=\"wp-block-button__link wp-element-button\" href=\"https:\/\/kraftdjur.com\/index.php\/var-kommer-djurens-ord-ifran\/\">L\u00e4s mer >><\/a><\/div>\n<\/div>\n\n\n\n<h2 class=\"wp-block-heading\">Jag \u00e4r inte djurkommunikat\u00f6r<\/h2>\n\n\n\n<div class=\"wp-block-buttons is-layout-flex wp-block-buttons-is-layout-flex\">\n<div class=\"wp-block-button\"><a class=\"wp-block-button__link wp-element-button\" href=\"https:\/\/kraftdjur.com\/index.php\/jag-ar-inte-djurkommunikator\/\">L\u00e4s mer >> <\/a><\/div>\n<\/div>\n\n\n\n<h2 class=\"wp-block-heading\">Mitt eget Kraftdjur<\/h2>\n\n\n\n<div class=\"wp-block-buttons is-layout-flex wp-block-buttons-is-layout-flex\">\n<div class=\"wp-block-button\"><a class=\"wp-block-button__link wp-element-button\" href=\"https:\/\/kraftdjur.com\/index.php\/mitt-eget-kraftdjur\/\">L\u00e4s mer >> <\/a><\/div>\n<\/div>\n\n\n\n<figure class=\"wp-block-image size-full\"><img loading=\"lazy\" decoding=\"async\" width=\"820\" height=\"340\" src=\"http:\/\/kraftdjur.com\/wp-content\/uploads\/2024\/01\/IMG_6937-1.jpeg\" alt=\"\" class=\"wp-image-194\" srcset=\"https:\/\/kraftdjur.com\/wp-content\/uploads\/2024\/01\/IMG_6937-1.jpeg 820w, https:\/\/kraftdjur.com\/wp-content\/uploads\/2024\/01\/IMG_6937-1-300x124.jpeg 300w, https:\/\/kraftdjur.com\/wp-content\/uploads\/2024\/01\/IMG_6937-1-768x318.jpeg 768w, https:\/\/kraftdjur.com\/wp-content\/uploads\/2024\/01\/IMG_6937-1-145x60.jpeg 145w\" sizes=\"auto, (max-width: 820px) 100vw, 820px\" \/><\/figure>\n","protected":false},"excerpt":{"rendered":"<p>Vad \u00e4r Kraftdjur? Kraftdjur \u00e4r ett uttryck f\u00f6r den energi vi kan f\u00e5 (l\u00e5na) av olika djur. Det kan vara vanliga djur som hund, katt och h\u00f6na eller det kan &hellip; <\/p>\n","protected":false},"author":1,"featured_media":0,"parent":0,"menu_order":0,"comment_status":"closed","ping_status":"closed","template":"","meta":{"footnotes":""},"class_list":["post-51","page","type-page","status-publish","hentry"],"_links":{"self":[{"href":"https:\/\/kraftdjur.com\/index.php\/wp-json\/wp\/v2\/pages\/51","targetHints":{"allow":["GET"]}}],"collection":[{"href":"https:\/\/kraftdjur.com\/index.php\/wp-json\/wp\/v2\/pages"}],"about":[{"href":"https:\/\/kraftdjur.com\/index.php\/wp-json\/wp\/v2\/types\/page"}],"author":[{"embeddable":true,"href":"https:\/\/kraftdjur.com\/index.php\/wp-json\/wp\/v2\/users\/1"}],"replies":[{"embeddable":true,"href":"https:\/\/kraftdjur.com\/index.php\/wp-json\/wp\/v2\/comments?post=51"}],"version-history":[{"count":17,"href":"https:\/\/kraftdjur.com\/index.php\/wp-json\/wp\/v2\/pages\/51\/revisions"}],"predecessor-version":[{"id":613,"href":"https:\/\/kraftdjur.com\/index.php\/wp-json\/wp\/v2\/pages\/51\/revisions\/613"}],"wp:attachment":[{"href":"https:\/\/kraftdjur.com\/index.php\/wp-json\/wp\/v2\/media?parent=51"}],"curies":[{"name":"wp","href":"https:\/\/api.w.org\/{rel}","templated":true}]}}