{"id":309,"date":"2025-03-26T13:51:09","date_gmt":"2025-03-26T12:51:09","guid":{"rendered":"https:\/\/kraftdjur.com\/?page_id=309"},"modified":"2025-03-26T14:07:36","modified_gmt":"2025-03-26T13:07:36","slug":"fyra-klaner","status":"publish","type":"page","link":"https:\/\/kraftdjur.com\/index.php\/fyra-klaner\/","title":{"rendered":"Fyra klaner"},"content":{"rendered":"\n<p>Jag har skrivit om 124 Kraftdjur. Dessa \u00e4r uppdelade i fyra klaner med 31 Kraftdjur i varje klan.&nbsp;<\/p>\n\n\n\n<p>De olika klanerna st\u00e5r f\u00f6r:<\/p>\n\n\n\n<p>\ud83d\udca7Den bl\u00e5a klanen st\u00e5r f\u00f6r: sj\u00e4len, hoppet, vatten, bl\u00e5tt, vinter, norr, sj\u00f6ar, hav, vattendrag, regn, sn\u00f6, is, fj\u00e4llet, analysera, fl\u00f6det, planera, avslut, vinterdvala\ud83d\udca7<\/p>\n\n\n\n<p>\u2b50\ufe0fDen gula klanen st\u00e5r f\u00f6r: sinnet, tron, luft, gult, v\u00e5r, \u00f6ster, \u00f6ppna ytor, f\u00e4lt, \u00e5krar, str\u00e4nder, hagar, dr\u00f6mmar, visioner, lek, gl\u00e4dje, lugn, f\u00f6delse, s\u00e5 fr\u00f6n\u2b50\ufe0f<\/p>\n\n\n\n<p>\u2764\ufe0f&nbsp;Den r\u00f6da klanen st\u00e5r f\u00f6r: hj\u00e4rtat, k\u00e4rleken, eld, r\u00f6tt, sommar, s\u00f6der, st\u00e4der, byggnader, ledaren, m\u00e5let, vinna, brinner f\u00f6r, eldsj\u00e4lar, att stimulera, v\u00e4xa, utvecklas\u2764\ufe0f<\/p>\n\n\n\n<p>\ud83c\udf4fDen gr\u00f6na klanen st\u00e5r f\u00f6r: kroppen, visdom, jord, gr\u00f6nt, h\u00f6st, v\u00e4ster, skogen, jorden, berget, stenar, det fysiska, agera, magk\u00e4nslan, g\u00f6ra praktiskt, v\u00e5rda, ge n\u00e4ring, ge liv, sk\u00f6rda\ud83c\udf4f<\/p>\n\n\n\n<p>Kraftdjuren kan f\u00e5 oss att v\u00e4xa som m\u00e4nniskor, lita till v\u00e5r egen inre styrka. De flesta Kraftdjur har energier som speglar deras naturliga beteende, livsmilj\u00f6 och \u00e4ven utseende. Kraftdjuret kan \u00e4ven skydda oss mot faror, b\u00e5de inre och yttre. Inre faror \u00e4r v\u00e5ra egna tankar och r\u00e4dslor.<br>De flesta har ett Kraftdjur som f\u00f6ljer dem hela livet, men som visar sig olika mycket under olika faser av livet. D\u00e4rtill har vi tillf\u00e4lliga kraftdjur som hj\u00e4lper oss h\u00e4r och nu. En m\u00e4nniska kanske st\u00e5r inf\u00f6r ett stort beslut i livet men vet inte hur hon ska t\u00e4nka. Pl\u00f6tsligt ser m\u00e4nniskan en bild av en tupp och hon b\u00f6rjar k\u00e4nna hur tuppen k\u00e4nner och t\u00e4nker. Tuppen st\u00e5r f\u00f6r ledarskap, sj\u00e4lvk\u00e4nnedom och ansvar. Detta kan d\u00e5 hj\u00e4lpa den h\u00e4r m\u00e4nniskan att k\u00e4nna efter vad \u00e4r det egentligen hon vill, vilket beslut ska hon fatta.<br><\/p>\n\n\n\n<p>M\u00e5nga av mina f\u00f6ljare uppskattar att f\u00e5 ett kraftdjur varje dag. Det hj\u00e4lper dem att se vad de ska fokusera p\u00e5, vad de beh\u00f6ver jobba med sig sj\u00e4lva med, vilka f\u00f6rm\u00e5gor de ska lita p\u00e5. Det ger en inre trygghet att veta att n\u00e5gon finns d\u00e4r och ger dem styrka.<\/p>\n\n\n\n<figure class=\"wp-block-gallery aligncenter has-nested-images columns-default is-cropped wp-block-gallery-1 is-layout-flex wp-block-gallery-is-layout-flex\">\n<figure class=\"wp-block-image size-large\"><img loading=\"lazy\" decoding=\"async\" width=\"1000\" height=\"1000\" data-id=\"320\" src=\"https:\/\/kraftdjur.com\/wp-content\/uploads\/2025\/03\/IMG_9666.png\" alt=\"\" class=\"wp-image-320\" srcset=\"https:\/\/kraftdjur.com\/wp-content\/uploads\/2025\/03\/IMG_9666.png 1000w, https:\/\/kraftdjur.com\/wp-content\/uploads\/2025\/03\/IMG_9666-300x300.png 300w, https:\/\/kraftdjur.com\/wp-content\/uploads\/2025\/03\/IMG_9666-150x150.png 150w, https:\/\/kraftdjur.com\/wp-content\/uploads\/2025\/03\/IMG_9666-768x768.png 768w\" sizes=\"auto, (max-width: 1000px) 100vw, 1000px\" \/><\/figure>\n\n\n\n<figure class=\"wp-block-image size-large\"><img loading=\"lazy\" decoding=\"async\" width=\"1000\" height=\"1000\" data-id=\"317\" src=\"https:\/\/kraftdjur.com\/wp-content\/uploads\/2025\/03\/IMG_9665.png\" alt=\"\" class=\"wp-image-317\" srcset=\"https:\/\/kraftdjur.com\/wp-content\/uploads\/2025\/03\/IMG_9665.png 1000w, https:\/\/kraftdjur.com\/wp-content\/uploads\/2025\/03\/IMG_9665-300x300.png 300w, https:\/\/kraftdjur.com\/wp-content\/uploads\/2025\/03\/IMG_9665-150x150.png 150w, https:\/\/kraftdjur.com\/wp-content\/uploads\/2025\/03\/IMG_9665-768x768.png 768w\" sizes=\"auto, (max-width: 1000px) 100vw, 1000px\" \/><\/figure>\n\n\n\n<figure class=\"wp-block-image size-large\"><img loading=\"lazy\" decoding=\"async\" width=\"1000\" height=\"1000\" data-id=\"318\" src=\"https:\/\/kraftdjur.com\/wp-content\/uploads\/2025\/03\/IMG_9664.png\" alt=\"\" class=\"wp-image-318\" srcset=\"https:\/\/kraftdjur.com\/wp-content\/uploads\/2025\/03\/IMG_9664.png 1000w, https:\/\/kraftdjur.com\/wp-content\/uploads\/2025\/03\/IMG_9664-300x300.png 300w, https:\/\/kraftdjur.com\/wp-content\/uploads\/2025\/03\/IMG_9664-150x150.png 150w, https:\/\/kraftdjur.com\/wp-content\/uploads\/2025\/03\/IMG_9664-768x768.png 768w\" sizes=\"auto, (max-width: 1000px) 100vw, 1000px\" \/><\/figure>\n\n\n\n<figure class=\"wp-block-image size-large\"><img loading=\"lazy\" decoding=\"async\" width=\"1000\" height=\"1000\" data-id=\"319\" src=\"https:\/\/kraftdjur.com\/wp-content\/uploads\/2025\/03\/IMG_9667.png\" alt=\"\" class=\"wp-image-319\" srcset=\"https:\/\/kraftdjur.com\/wp-content\/uploads\/2025\/03\/IMG_9667.png 1000w, https:\/\/kraftdjur.com\/wp-content\/uploads\/2025\/03\/IMG_9667-300x300.png 300w, https:\/\/kraftdjur.com\/wp-content\/uploads\/2025\/03\/IMG_9667-150x150.png 150w, https:\/\/kraftdjur.com\/wp-content\/uploads\/2025\/03\/IMG_9667-768x768.png 768w\" sizes=\"auto, (max-width: 1000px) 100vw, 1000px\" \/><\/figure>\n<\/figure>\n\n\n\n<p><\/p>\n","protected":false},"excerpt":{"rendered":"<p>Jag har skrivit om 124 Kraftdjur. Dessa \u00e4r uppdelade i fyra klaner med 31 Kraftdjur i varje klan.&nbsp; De olika klanerna st\u00e5r f\u00f6r: \ud83d\udca7Den bl\u00e5a klanen st\u00e5r f\u00f6r: sj\u00e4len, hoppet, &hellip; <\/p>\n","protected":false},"author":1,"featured_media":319,"parent":0,"menu_order":0,"comment_status":"closed","ping_status":"closed","template":"","meta":{"footnotes":""},"class_list":["post-309","page","type-page","status-publish","has-post-thumbnail","hentry"],"_links":{"self":[{"href":"https:\/\/kraftdjur.com\/index.php\/wp-json\/wp\/v2\/pages\/309","targetHints":{"allow":["GET"]}}],"collection":[{"href":"https:\/\/kraftdjur.com\/index.php\/wp-json\/wp\/v2\/pages"}],"about":[{"href":"https:\/\/kraftdjur.com\/index.php\/wp-json\/wp\/v2\/types\/page"}],"author":[{"embeddable":true,"href":"https:\/\/kraftdjur.com\/index.php\/wp-json\/wp\/v2\/users\/1"}],"replies":[{"embeddable":true,"href":"https:\/\/kraftdjur.com\/index.php\/wp-json\/wp\/v2\/comments?post=309"}],"version-history":[{"count":2,"href":"https:\/\/kraftdjur.com\/index.php\/wp-json\/wp\/v2\/pages\/309\/revisions"}],"predecessor-version":[{"id":321,"href":"https:\/\/kraftdjur.com\/index.php\/wp-json\/wp\/v2\/pages\/309\/revisions\/321"}],"wp:featuredmedia":[{"embeddable":true,"href":"https:\/\/kraftdjur.com\/index.php\/wp-json\/wp\/v2\/media\/319"}],"wp:attachment":[{"href":"https:\/\/kraftdjur.com\/index.php\/wp-json\/wp\/v2\/media?parent=309"}],"curies":[{"name":"wp","href":"https:\/\/api.w.org\/{rel}","templated":true}]}}