{"id":306,"date":"2025-03-26T12:00:39","date_gmt":"2025-03-26T11:00:39","guid":{"rendered":"https:\/\/kraftdjur.com\/?page_id=306"},"modified":"2025-03-26T12:00:39","modified_gmt":"2025-03-26T11:00:39","slug":"mitt-eget-kraftdjur","status":"publish","type":"page","link":"https:\/\/kraftdjur.com\/index.php\/mitt-eget-kraftdjur\/","title":{"rendered":"Mitt eget Kraftdjur"},"content":{"rendered":"\n<p><em>Detta skrev jag i min dagbok i januari 1991.<\/em><\/p>\n\n\n\n<p>Sista tiden har mina dr\u00f6mmar kommit tillbaka och det g\u00f6r mig glad och ger mig energi. H\u00e4r om natten dr\u00f6mde jag en mycket m\u00e4rklig dr\u00f6m om en vit tiger som simmade i havet. Den sa till mig \u201dJag \u00e4r ditt sanna kraftdjur!\u201d Tigern som kraftdjur s\u00e4ger \u201dDu kan allt du vill, bara du \u00e4r sann emot dig sj\u00e4lv! Du \u00e4r stark nog att g\u00e5 din egen v\u00e4g!\u201d Strax efter d\u00f6k det upp en val p\u00e5 h\u00f6ger sida i havet. Valen \u00e4r ett urgammalt djur, liksom sk\u00f6ldpaddan. Som kraftdjur visar valen mitt livsm\u00e5l. Den s\u00e4ger att kunskap \u00e4r viktigt f\u00f6r mig, b\u00e5de att l\u00e4ra mig sj\u00e4lv och att l\u00e4ra ut till andra.<\/p>\n\n\n\n<p>Livet \u00e4r s\u00e5 mycket enklare om man slappnar av, lyssnar till signaler och tecken runt oss och f\u00f6ljer v\u00e5r egen v\u00e4g. I mitt hj\u00e4rta vet jag att det mina kraftdjur s\u00e4ger till mig \u00e4r sant och riktigt, \u00e4nd\u00e5 tvekar jag att f\u00f6lja min egen v\u00e4g. Varf\u00f6r? F\u00f6r att jag tror att andra ska se ner p\u00e5 mig? F\u00f6r att jag byggt upp en bild av en person jag egentligen inte \u00e4r?<\/p>\n\n\n\n<p>Mitt livsm\u00e5l \u00e4r att studera kraftdjur, naturv\u00e4sen och kristaller, f\u00f6rmedla den kunskapen till de som vill ta emot. Att leva i samklang med djur och natur, att f\u00f6lja min egen rytm och l\u00e5ta livet komma som det \u00e4r.<\/p>\n\n\n\n<p>N\u00e4r jag ber\u00e4ttade om dr\u00f6mmen f\u00f6r min b\u00e4staste v\u00e4n fick jag kommentaren: <\/p>\n\n\n\n<p>\u201dMen, \u00e4r du f\u00f6rv\u00e5nad \u00f6ver budskapet att tigern \u00e4r ditt eget kraftdjur? Det har jag vetat sedan f\u00f6rsta g\u00e5ngen du ber\u00e4ttade om kraftdjur f\u00f6r mig. Hela du utstr\u00e5lar tiger! DU \u00c4R EN TIGER!\u201d<\/p>\n\n\n\n<p>Ja, s\u00e5 \u00e4r det, jag \u00e4r en TIGER i mitt hj\u00e4rta!<\/p>\n\n\n\n<figure class=\"wp-block-image size-full\"><img loading=\"lazy\" decoding=\"async\" width=\"284\" height=\"177\" src=\"https:\/\/kraftdjur.com\/wp-content\/uploads\/2024\/01\/image-2.png\" alt=\"\" class=\"wp-image-66\"\/><\/figure>\n","protected":false},"excerpt":{"rendered":"<p>Detta skrev jag i min dagbok i januari 1991. Sista tiden har mina dr\u00f6mmar kommit tillbaka och det g\u00f6r mig glad och ger mig energi. H\u00e4r om natten dr\u00f6mde jag &hellip; <\/p>\n","protected":false},"author":1,"featured_media":66,"parent":0,"menu_order":0,"comment_status":"closed","ping_status":"closed","template":"","meta":{"footnotes":""},"class_list":["post-306","page","type-page","status-publish","has-post-thumbnail","hentry"],"_links":{"self":[{"href":"https:\/\/kraftdjur.com\/index.php\/wp-json\/wp\/v2\/pages\/306","targetHints":{"allow":["GET"]}}],"collection":[{"href":"https:\/\/kraftdjur.com\/index.php\/wp-json\/wp\/v2\/pages"}],"about":[{"href":"https:\/\/kraftdjur.com\/index.php\/wp-json\/wp\/v2\/types\/page"}],"author":[{"embeddable":true,"href":"https:\/\/kraftdjur.com\/index.php\/wp-json\/wp\/v2\/users\/1"}],"replies":[{"embeddable":true,"href":"https:\/\/kraftdjur.com\/index.php\/wp-json\/wp\/v2\/comments?post=306"}],"version-history":[{"count":1,"href":"https:\/\/kraftdjur.com\/index.php\/wp-json\/wp\/v2\/pages\/306\/revisions"}],"predecessor-version":[{"id":307,"href":"https:\/\/kraftdjur.com\/index.php\/wp-json\/wp\/v2\/pages\/306\/revisions\/307"}],"wp:featuredmedia":[{"embeddable":true,"href":"https:\/\/kraftdjur.com\/index.php\/wp-json\/wp\/v2\/media\/66"}],"wp:attachment":[{"href":"https:\/\/kraftdjur.com\/index.php\/wp-json\/wp\/v2\/media?parent=306"}],"curies":[{"name":"wp","href":"https:\/\/api.w.org\/{rel}","templated":true}]}}