{"id":302,"date":"2025-03-26T11:57:51","date_gmt":"2025-03-26T10:57:51","guid":{"rendered":"https:\/\/kraftdjur.com\/?page_id=302"},"modified":"2025-03-26T11:57:51","modified_gmt":"2025-03-26T10:57:51","slug":"jag-ar-inte-djurkommunikator","status":"publish","type":"page","link":"https:\/\/kraftdjur.com\/index.php\/jag-ar-inte-djurkommunikator\/","title":{"rendered":"Jag \u00e4r inte djurkommunikat\u00f6r"},"content":{"rendered":"\n<p>Jag \u00e4r inte s\u00e5 kallad djurkommunikat\u00f6r, som tolkar vad ett enskilt djur vill s\u00e4ga och f\u00f6rmedla. En djurkommunikat\u00f6r f\u00f6rmedlar till exempel vad en hund vill s\u00e4ga sin \u00e4gare och det handlar om den enskilda hunden och relationen till de m\u00e4nniskor som finns i den hundens n\u00e4rhet.<br>Jag tolkar olika djurs eller snarare olika arters energier och budskap som kommer till mig, det arten eller djuret som grupp vill f\u00f6rmedla till oss m\u00e4nniskor. Men, det \u00e4r inte bara nu levande arter, det \u00e4r \u00e4ven mytologiska djur, utd\u00f6da djur och en del sm\u00e5knytt som kommunicerar med mig.<\/p>\n\n\n\n<figure class=\"wp-block-image size-large is-resized\"><img loading=\"lazy\" decoding=\"async\" width=\"1024\" height=\"768\" src=\"https:\/\/kraftdjur.com\/wp-content\/uploads\/2024\/01\/image-8-1024x768.png\" alt=\"\" class=\"wp-image-74\" style=\"width:423px;height:auto\" srcset=\"https:\/\/kraftdjur.com\/wp-content\/uploads\/2024\/01\/image-8-1024x768.png 1024w, https:\/\/kraftdjur.com\/wp-content\/uploads\/2024\/01\/image-8-300x225.png 300w, https:\/\/kraftdjur.com\/wp-content\/uploads\/2024\/01\/image-8-768x576.png 768w, https:\/\/kraftdjur.com\/wp-content\/uploads\/2024\/01\/image-8-1536x1152.png 1536w, https:\/\/kraftdjur.com\/wp-content\/uploads\/2024\/01\/image-8.png 1920w\" sizes=\"auto, (max-width: 1024px) 100vw, 1024px\" \/><\/figure>\n","protected":false},"excerpt":{"rendered":"<p>Jag \u00e4r inte s\u00e5 kallad djurkommunikat\u00f6r, som tolkar vad ett enskilt djur vill s\u00e4ga och f\u00f6rmedla. En djurkommunikat\u00f6r f\u00f6rmedlar till exempel vad en hund vill s\u00e4ga sin \u00e4gare och det &hellip; <\/p>\n","protected":false},"author":1,"featured_media":74,"parent":0,"menu_order":0,"comment_status":"closed","ping_status":"closed","template":"","meta":{"footnotes":""},"class_list":["post-302","page","type-page","status-publish","has-post-thumbnail","hentry"],"_links":{"self":[{"href":"https:\/\/kraftdjur.com\/index.php\/wp-json\/wp\/v2\/pages\/302","targetHints":{"allow":["GET"]}}],"collection":[{"href":"https:\/\/kraftdjur.com\/index.php\/wp-json\/wp\/v2\/pages"}],"about":[{"href":"https:\/\/kraftdjur.com\/index.php\/wp-json\/wp\/v2\/types\/page"}],"author":[{"embeddable":true,"href":"https:\/\/kraftdjur.com\/index.php\/wp-json\/wp\/v2\/users\/1"}],"replies":[{"embeddable":true,"href":"https:\/\/kraftdjur.com\/index.php\/wp-json\/wp\/v2\/comments?post=302"}],"version-history":[{"count":1,"href":"https:\/\/kraftdjur.com\/index.php\/wp-json\/wp\/v2\/pages\/302\/revisions"}],"predecessor-version":[{"id":303,"href":"https:\/\/kraftdjur.com\/index.php\/wp-json\/wp\/v2\/pages\/302\/revisions\/303"}],"wp:featuredmedia":[{"embeddable":true,"href":"https:\/\/kraftdjur.com\/index.php\/wp-json\/wp\/v2\/media\/74"}],"wp:attachment":[{"href":"https:\/\/kraftdjur.com\/index.php\/wp-json\/wp\/v2\/media?parent=302"}],"curies":[{"name":"wp","href":"https:\/\/api.w.org\/{rel}","templated":true}]}}