{"id":298,"date":"2025-03-26T11:56:06","date_gmt":"2025-03-26T10:56:06","guid":{"rendered":"https:\/\/kraftdjur.com\/?page_id=298"},"modified":"2025-03-26T11:56:06","modified_gmt":"2025-03-26T10:56:06","slug":"var-kommer-djurens-ord-ifran","status":"publish","type":"page","link":"https:\/\/kraftdjur.com\/index.php\/var-kommer-djurens-ord-ifran\/","title":{"rendered":"Var kommer djurens ord ifr\u00e5n?"},"content":{"rendered":"\n<p>F\u00f6r ganska l\u00e4nge sedan fick jag den h\u00e4r fr\u00e5gan p\u00e5 Facebook:<\/p>\n\n\n\n<p>N\u00e4r du skriver vad djuret &#8220;s\u00e4ger&#8221; var h\u00e4mtar du orden ifr\u00e5n? I min bok&nbsp;<em>Djurens Spr\u00e5k av Sol\u00f6ga<\/em>&nbsp;s\u00e5 st\u00e5r inte alls s\u00e5 mycket som du skriver?!? Finns det olika versioner, har du n\u00e5gon annan bok eller \u00e4r det dina egna ord?&nbsp;<\/p>\n\n\n\n<p>Ja, var h\u00e4mtar jag orden ifr\u00e5n n\u00e4r jag skriver att djuret \u201ds\u00e4ger\u201d n\u00e5got? <br>Orden \u00e4r min egen tolkning av djurets energi som jag mycket tydligt k\u00e4nner.<\/p>\n\n\n\n<p>Oftast m\u00f6ter jag det aktuella djuret p\u00e5 n\u00e5got s\u00e4tt och jag f\u00f6rs\u00f6ker fota det om jag har m\u00f6jlighet. Sedan skriver jag, men handen och pennan lever sitt eget liv, orden bara fl\u00f6dar ut p\u00e5 pappret. Ibland blir jag sj\u00e4lv f\u00f6rv\u00e5nad \u00f6ver vad jag skrivit n\u00e4r jag efter\u00e5t l\u00e4ser igenom det. <br>Vissa g\u00e5nger kommer djuren till mig i dr\u00f6mmar om natten och d\u00e5 talar djuret med mig. N\u00e4r jag vaknar skriver jag ner hela min dr\u00f6m och plockar sedan ut sj\u00e4lva budskapet som djuret l\u00e4mnade till mig.<\/p>\n\n\n\n<p><strong>Hur m\u00f6ter jag djuren? <\/strong><br>Dels i dr\u00f6mmar som jag skrev men ocks\u00e5 p\u00e5 riktigt. Jag ser djuret och vi f\u00e5r n\u00e5gon typ av kontakt. Ibland dyker djuret upp p\u00e5 tv, en bild i en tidning eller n\u00e5gon pratar om djuret. M\u00e5nga g\u00e5nger kan jag f\u00f6ruts\u00e4ga att jag kommer att m\u00f6ta ett visst djur, tex om vi \u00e4r ute och \u00e5ker bil kan jag s\u00e4ga \u201defter n\u00e4sta kr\u00f6k d\u00e4r framme ska ni titta till h\u00f6ger f\u00f6r d\u00e4r st\u00e5r en \u00e4lg\u201d och mycket riktigt, d\u00e4r st\u00e5r en \u00e4lg. Jag ser och uppt\u00e4cker b\u00e5de djur och f\u00e5glar innan andra ser dom, till och med f\u00f6re utbildade guider i nationalparker och reservat. Jag har m\u00e5nga g\u00e5nger f\u00e5tt fr\u00e5gan \u201dHur kunde du se djuret f\u00f6re alla andra?\u201d Jo, det \u00e4r f\u00f6r att jag litar till min intuition, en form av medial f\u00f6rm\u00e5ga.<\/p>\n\n\n\n<p>Alla m\u00e4nniskor \u00e4r mer eller mindre mediala, men v\u00e4ldigt f\u00e5 v\u00e5gar erk\u00e4nna det och \u00e4nnu f\u00e4rre v\u00e5ga utveckla och arbeta med det. Det finns v\u00e4ldigt m\u00e5nga olika mediala f\u00f6rm\u00e5gor. En del har kontakt med andra sidan, dvs kontakt med personer som \u00e4r d\u00f6da. Andra har kontakt med \u00e4nglar och andliga guider eller n\u00e5got annat. M\u00e5nga anv\u00e4nder olika typer av kort, tex tarot, parallellt med den andliga kontakten.<\/p>\n\n\n\n<p>&nbsp;Jag har kontakt med djurens energier och n\u00e5got som jag kallar sm\u00e5knytt. Djurens energier har m\u00e5nga namn och ibland lite olika betydelser, men de vanligaste \u00e4r kraftdjur och totemdjur. Jag anv\u00e4nder uttrycket Kraftdjur f\u00f6r det k\u00e4nns b\u00e4st f\u00f6r mig.&nbsp;<\/p>\n\n\n\n<p>Sm\u00e5knytt \u00e4r f\u00f6r mig ett samlingsnamn f\u00f6r naturandar, elementarandar, \u00e4lvor, troll, v\u00e4ttar, tomtar och m\u00e5nga andra v\u00e4sen. Jag \u00e4r inte vad man brukar kalla djurkommunikat\u00f6r, det \u00e4r n\u00e5got annat.<\/p>\n\n\n\n<p>\u00c4ven jag anv\u00e4nder olika typer av kort som ett komplement till min kontakt med naturen, som ett extra hj\u00e4lpmedel att tolka olika situationer.<\/p>\n\n\n\n<p>N\u00e4r det g\u00e4ller medialitet finns inga r\u00e4tt eller fel, ingen sitter inne med ett korrekt facit. Bara f\u00f6r att en person skrivit en bok betyder inte det att det \u00e4r den enda sanna tolkningen. Detta \u00e4r v\u00e4ldigt tydligt om man tittar p\u00e5 kraftdjur och sm\u00e5knytt, d\u00e4r det finns massa olika tolkningar av deras betydelser och energier. Inom de flesta religioner och olika folktro \u00f6ver hela jorden finns det ber\u00e4ttelser om kraftdjur och andra v\u00e4sen, tex tr\u00e4dandar som \u00e4r beskyddare av tr\u00e4den och v\u00e4xter. Olika religioner och olika folkgrupper har sina tolkningar. Jag har h\u00e4mtat mycket kunskap genom att l\u00e4sa om keltiska druider, det forna Egypten, v\u00e5ra nordiska vikingar och v\u00e5ra samer. Mycket vet jag intuitivt och ocks\u00e5 f\u00e5tt det bekr\u00e4ftat n\u00e4r jag sedan l\u00e4st om det.<\/p>\n\n\n\n<p>Jag forts\u00e4tter hela tiden att jobba med och utveckla mina mediala f\u00f6rm\u00e5gor och kommer aldrig bli f\u00e4rdig, vilket \u00e4r s\u00e5 sp\u00e4nnande och givande.<\/p>\n\n\n\n<p>Mitt eget personliga kraftdjur som f\u00f6ljt mig genom hela livet har kommit till mig p\u00e5 s\u00e5 m\u00e5nga olika s\u00e4tt, b\u00e5de i verkligheten och i dr\u00f6mmar &#8211; tigern!&nbsp;<\/p>\n\n\n\n<p>Detta \u00e4r mina tolkningar. Det finns olika tolkningar av djurens energier inom olika kulturer som samer, indianer, celter, vikingar, forna Egypten, Romarriket, antikens Grekland m.fl. Det finns inte ett enda facit men en massa tolkningar.<\/p>\n\n\n\n<figure class=\"wp-block-image size-full\"><img loading=\"lazy\" decoding=\"async\" width=\"500\" height=\"246\" src=\"https:\/\/kraftdjur.com\/wp-content\/uploads\/2024\/01\/image-3.png\" alt=\"\" class=\"wp-image-67\" srcset=\"https:\/\/kraftdjur.com\/wp-content\/uploads\/2024\/01\/image-3.png 500w, https:\/\/kraftdjur.com\/wp-content\/uploads\/2024\/01\/image-3-300x148.png 300w\" sizes=\"auto, (max-width: 500px) 100vw, 500px\" \/><\/figure>\n","protected":false},"excerpt":{"rendered":"<p>F\u00f6r ganska l\u00e4nge sedan fick jag den h\u00e4r fr\u00e5gan p\u00e5 Facebook: N\u00e4r du skriver vad djuret &#8220;s\u00e4ger&#8221; var h\u00e4mtar du orden ifr\u00e5n? I min bok&nbsp;Djurens Spr\u00e5k av Sol\u00f6ga&nbsp;s\u00e5 st\u00e5r inte &hellip; <\/p>\n","protected":false},"author":1,"featured_media":67,"parent":0,"menu_order":0,"comment_status":"closed","ping_status":"closed","template":"","meta":{"footnotes":""},"class_list":["post-298","page","type-page","status-publish","has-post-thumbnail","hentry"],"_links":{"self":[{"href":"https:\/\/kraftdjur.com\/index.php\/wp-json\/wp\/v2\/pages\/298","targetHints":{"allow":["GET"]}}],"collection":[{"href":"https:\/\/kraftdjur.com\/index.php\/wp-json\/wp\/v2\/pages"}],"about":[{"href":"https:\/\/kraftdjur.com\/index.php\/wp-json\/wp\/v2\/types\/page"}],"author":[{"embeddable":true,"href":"https:\/\/kraftdjur.com\/index.php\/wp-json\/wp\/v2\/users\/1"}],"replies":[{"embeddable":true,"href":"https:\/\/kraftdjur.com\/index.php\/wp-json\/wp\/v2\/comments?post=298"}],"version-history":[{"count":1,"href":"https:\/\/kraftdjur.com\/index.php\/wp-json\/wp\/v2\/pages\/298\/revisions"}],"predecessor-version":[{"id":299,"href":"https:\/\/kraftdjur.com\/index.php\/wp-json\/wp\/v2\/pages\/298\/revisions\/299"}],"wp:featuredmedia":[{"embeddable":true,"href":"https:\/\/kraftdjur.com\/index.php\/wp-json\/wp\/v2\/media\/67"}],"wp:attachment":[{"href":"https:\/\/kraftdjur.com\/index.php\/wp-json\/wp\/v2\/media?parent=298"}],"curies":[{"name":"wp","href":"https:\/\/api.w.org\/{rel}","templated":true}]}}