{"id":293,"date":"2025-03-26T11:53:26","date_gmt":"2025-03-26T10:53:26","guid":{"rendered":"https:\/\/kraftdjur.com\/?page_id=293"},"modified":"2025-03-26T11:53:26","modified_gmt":"2025-03-26T10:53:26","slug":"vem-ager-ratten-att-tolka-djurens-budskap-och-energier","status":"publish","type":"page","link":"https:\/\/kraftdjur.com\/index.php\/vem-ager-ratten-att-tolka-djurens-budskap-och-energier\/","title":{"rendered":"Vem \u00e4ger r\u00e4tten att tolka djurens budskap och energier?"},"content":{"rendered":"\n<p>Jag \u00e4r med i flera grupper p\u00e5 Facebook d\u00e4r det diskuteras andlighet, mediala f\u00f6rm\u00e5gor, naturandar och mycket annat som finns mellan himmel och jord. Det finns s\u00e5 m\u00e5nga olika krafter, g\u00e5vor, f\u00f6rm\u00e5gor och urgamla krafter och vi \u00e4r m\u00e5nga som tror.<\/p>\n\n\n\n<p>Det som ibland g\u00f6r mig lite bekl\u00e4md \u00e4r n\u00e4r vissa m\u00e4nniskor anser sig k\u00e4nna till den enda sanningen. Vem \u00e4ger r\u00e4tten att best\u00e4mma vad som \u00e4r sanning inom andlighet och tro? Vissa uppfattningar \u00e4r sedan l\u00e4nge f\u00f6rankrade och bygger p\u00e5 gamla ber\u00e4ttelser och s\u00e4gner. Men mycket handlar om oss m\u00e4nniskor och hur vi v\u00e4ljer att tolka det vi ser, k\u00e4nner och upplever.<\/p>\n\n\n\n<p><strong>Kraftdjur<\/strong><\/p>\n\n\n\n<p>M\u00e4nniskor har sedan urminnes tider varit beroende av djuren f\u00f6r sin \u00f6verlevnad. Djuren \u00e4r mat, kl\u00e4der, redskap, br\u00e4nsle och ljus. Djuren \u00e4r s\u00e4llskap och beskydd. Djuren \u00e4r v\u00e4gvisare, b\u00e5de i den fysiska v\u00e4rlden och den andliga v\u00e4rlden. Djuren hj\u00e4lper oss \u00e4ven med den personliga utvecklingen. De \u00e4r v\u00e5ra Kraftdjur eller Totemdjur som det ocks\u00e5 kallas.<\/p>\n\n\n\n<p><strong>Hur vet man vad ett Kraftdjur betyder?<\/strong><\/p>\n\n\n\n<p>Varje m\u00e4nniska \u00e4ger r\u00e4tten att sj\u00e4lv tolka vad ett djur betyder f\u00f6r just dom. K\u00e4nna efter i sitt inre vad djuret ger f\u00f6r k\u00e4nslor och energier. Vissa djur har under tidernas g\u00e5ng f\u00e5tt universella betydelser och tolkningar som \u00e4r helt olika varandra.<\/p>\n\n\n\n<p>Ta till exempel ormen, ett v\u00e4ldigt starkt Kraftdjur som de flesta m\u00e4nniskor har en k\u00e4nsla f\u00f6r beroende p\u00e5 var i v\u00e4rlden vi bor eller vilken tro vi har. Ormen som symbol f\u00f6r d\u00f6den \u00e4r mycket vanligt f\u00f6rekommande inom olika mytologiska ber\u00e4ttelser och ger m\u00e5nga m\u00e4nniskor en intuitiv k\u00e4nsla av fara.&nbsp; Enligt Gamla testamentet st\u00e5r ormen f\u00f6r synd och f\u00f6rd\u00e4rv men samtidigt f\u00f6r uppmuntran till att skaffa sig kunskap och vara nyfiken. Ormen \u00e4r \u00e4ven en symbol f\u00f6r l\u00e4kande, helande och kunskap om livet d\u00e5 ormen \u00e4r en del av de internationella symbolerna f\u00f6r l\u00e4kare, tandl\u00e4kare, veterin\u00e4rer och apotekare.&nbsp;Ormen \u00e4r \u00e4ven en symbol f\u00f6r p\u00e5nyttf\u00f6delse, nystart och fertilitet. Ormen \u00e4r ett v\u00e4ldigt tydligt exempel p\u00e5 att det inte finns en sanning, en tolkning.<\/p>\n\n\n\n<p><strong>Vem \u00e4ger r\u00e4tten att tolka djurens betydelse?<\/strong><\/p>\n\n\n\n<p>Alla har r\u00e4tt att g\u00f6ra sin egen tolkning av vilken energi ett djur vill f\u00f6rmedla. Se bara p\u00e5 ormens betydelse, s\u00e5 m\u00e5nga olika tolkningar \u00f6ver hela v\u00e5r jord.<\/p>\n\n\n\n<p>N\u00e4r jag m\u00f6ter djuren, det kan vara i verkligheten, i en dr\u00f6m, under en meditation eller jag ser en bild eller film om djuret, s\u00e5 f\u00e5r jag en inre k\u00e4nsla. Det \u00e4r som om djuret talar till mig i mitt inre, i mitt hj\u00e4rta. D\u00e4rf\u00f6r skriver jag ofta \u201d<em>Jag m\u00f6tte Ormen som sa\u2026<\/em>\u201d. F\u00f6r djuren talar till mig.&nbsp;<\/p>\n\n\n\n<p>Detta ska inte f\u00f6rv\u00e4xlas med djurkommunikation, som \u00e4r n\u00e5got helt annat och handlar om det individuella djuret och vad just det djuret upplevt och k\u00e4nner.<\/p>\n\n\n\n<p>Jag skriver alltid ner det Kraftdjuret s\u00e4ger till mig, utan att t\u00e4nka eller analysera. N\u00e4r jag skrivit ner allt jag f\u00e5tt till mig b\u00f6rjar jag analysera. Vad betyder det som djuret sa? Hur \u00e4r djuret i sin naturliga milj\u00f6? \u00c4r det ett rovdjur, flockdjur eller en solit\u00e4r? Vad har andra m\u00e4nniskor skrivit om djuret? Vad st\u00e5r det i sagor och mytologiska ber\u00e4ttelser om djuret?Sedan skriver jag en text som jag kanske publicerar p\u00e5 min hemsida och Facebook.<\/p>\n\n\n\n<p><strong>\u00c4r min tolkning den sanna tolkningen?<\/strong><\/p>\n\n\n\n<p>Nej, min tolkning \u00e4r inte den enda sanna, men den \u00e4r sann f\u00f6r mig. Sen \u00e4r det upp till dig att l\u00e4sa, k\u00e4nna, v\u00e4rdera och tolka vad det betyder f\u00f6r dig. Och kanske du blir s\u00e5 nyfiken och sj\u00e4lv vill s\u00f6ka mer kunskap?&nbsp;<\/p>\n\n\n\n<figure class=\"wp-block-image size-large is-resized\"><img loading=\"lazy\" decoding=\"async\" width=\"871\" height=\"1024\" src=\"https:\/\/kraftdjur.com\/wp-content\/uploads\/2024\/01\/image-7-871x1024.png\" alt=\"\" class=\"wp-image-71\" style=\"width:242px;height:auto\" srcset=\"https:\/\/kraftdjur.com\/wp-content\/uploads\/2024\/01\/image-7-871x1024.png 871w, https:\/\/kraftdjur.com\/wp-content\/uploads\/2024\/01\/image-7-255x300.png 255w, https:\/\/kraftdjur.com\/wp-content\/uploads\/2024\/01\/image-7-768x902.png 768w, https:\/\/kraftdjur.com\/wp-content\/uploads\/2024\/01\/image-7-1307x1536.png 1307w, https:\/\/kraftdjur.com\/wp-content\/uploads\/2024\/01\/image-7.png 1634w\" sizes=\"auto, (max-width: 871px) 100vw, 871px\" \/><\/figure>\n","protected":false},"excerpt":{"rendered":"<p>Jag \u00e4r med i flera grupper p\u00e5 Facebook d\u00e4r det diskuteras andlighet, mediala f\u00f6rm\u00e5gor, naturandar och mycket annat som finns mellan himmel och jord. Det finns s\u00e5 m\u00e5nga olika krafter, &hellip; <\/p>\n","protected":false},"author":1,"featured_media":71,"parent":0,"menu_order":0,"comment_status":"closed","ping_status":"closed","template":"","meta":{"footnotes":""},"class_list":["post-293","page","type-page","status-publish","has-post-thumbnail","hentry"],"_links":{"self":[{"href":"https:\/\/kraftdjur.com\/index.php\/wp-json\/wp\/v2\/pages\/293","targetHints":{"allow":["GET"]}}],"collection":[{"href":"https:\/\/kraftdjur.com\/index.php\/wp-json\/wp\/v2\/pages"}],"about":[{"href":"https:\/\/kraftdjur.com\/index.php\/wp-json\/wp\/v2\/types\/page"}],"author":[{"embeddable":true,"href":"https:\/\/kraftdjur.com\/index.php\/wp-json\/wp\/v2\/users\/1"}],"replies":[{"embeddable":true,"href":"https:\/\/kraftdjur.com\/index.php\/wp-json\/wp\/v2\/comments?post=293"}],"version-history":[{"count":1,"href":"https:\/\/kraftdjur.com\/index.php\/wp-json\/wp\/v2\/pages\/293\/revisions"}],"predecessor-version":[{"id":294,"href":"https:\/\/kraftdjur.com\/index.php\/wp-json\/wp\/v2\/pages\/293\/revisions\/294"}],"wp:featuredmedia":[{"embeddable":true,"href":"https:\/\/kraftdjur.com\/index.php\/wp-json\/wp\/v2\/media\/71"}],"wp:attachment":[{"href":"https:\/\/kraftdjur.com\/index.php\/wp-json\/wp\/v2\/media?parent=293"}],"curies":[{"name":"wp","href":"https:\/\/api.w.org\/{rel}","templated":true}]}}