{"id":206,"date":"2024-01-12T09:26:12","date_gmt":"2024-01-12T08:26:12","guid":{"rendered":"https:\/\/kraftdjur.com\/?page_id=206"},"modified":"2024-01-12T09:37:34","modified_gmt":"2024-01-12T08:37:34","slug":"kontakt","status":"publish","type":"page","link":"https:\/\/kraftdjur.com\/index.php\/kontakt\/","title":{"rendered":"Kontakt"},"content":{"rendered":"\n<div class=\"wp-block-media-text is-stacked-on-mobile\" style=\"grid-template-columns:25% auto\"><figure class=\"wp-block-media-text__media\"><img loading=\"lazy\" decoding=\"async\" width=\"512\" height=\"512\" src=\"https:\/\/kraftdjur.com\/wp-content\/uploads\/2024\/01\/epost-icon.png\" alt=\"\" class=\"wp-image-211 size-full\" srcset=\"https:\/\/kraftdjur.com\/wp-content\/uploads\/2024\/01\/epost-icon.png 512w, https:\/\/kraftdjur.com\/wp-content\/uploads\/2024\/01\/epost-icon-300x300.png 300w, https:\/\/kraftdjur.com\/wp-content\/uploads\/2024\/01\/epost-icon-150x150.png 150w, https:\/\/kraftdjur.com\/wp-content\/uploads\/2024\/01\/epost-icon-60x60.png 60w\" sizes=\"auto, (max-width: 512px) 100vw, 512px\" \/><\/figure><div class=\"wp-block-media-text__content\">\n<h2 class=\"wp-block-heading\">Fr\u00e5gor eller synpunkter?<\/h2>\n\n\n\n<h2 class=\"wp-block-heading\">Skriv ett mail till:<\/h2>\n\n\n\n<h2 class=\"wp-block-heading\"><a href=\"mailto:Kraftdjur@kraftdjur.com\" target=\"_blank\" rel=\"noopener\" title=\"\">Kraftdjur@kraftdjur.com<\/a><\/h2>\n<\/div><\/div>\n\n\n\n<h2 class=\"wp-block-heading\">F\u00f6lj g\u00e4rna Kraftdjur p\u00e5 v\u00e5ra sociala medier:<\/h2>\n\n\n\n<div class=\"wp-block-buttons is-layout-flex wp-block-buttons-is-layout-flex\"><\/div>\n\n\n\n<figure class=\"wp-block-gallery has-nested-images columns-default is-cropped wp-block-gallery-1 is-layout-flex wp-block-gallery-is-layout-flex\">\n<figure class=\"wp-block-image size-thumbnail is-style-default\"><a href=\"https:\/\/www.facebook.com\/kraftdjur?locale=sv_SE\" target=\"_blank\" rel=\"noreferrer noopener\"><img loading=\"lazy\" decoding=\"async\" width=\"150\" height=\"150\" data-id=\"209\" src=\"https:\/\/kraftdjur.com\/wp-content\/uploads\/2024\/01\/fb_icon_325x325-1-150x150.png\" alt=\"\" class=\"wp-image-209\" srcset=\"https:\/\/kraftdjur.com\/wp-content\/uploads\/2024\/01\/fb_icon_325x325-1-150x150.png 150w, https:\/\/kraftdjur.com\/wp-content\/uploads\/2024\/01\/fb_icon_325x325-1-300x300.png 300w, https:\/\/kraftdjur.com\/wp-content\/uploads\/2024\/01\/fb_icon_325x325-1-60x60.png 60w, https:\/\/kraftdjur.com\/wp-content\/uploads\/2024\/01\/fb_icon_325x325-1.png 325w\" sizes=\"auto, (max-width: 150px) 100vw, 150px\" \/><\/a><\/figure>\n\n\n\n<figure class=\"wp-block-image size-thumbnail is-style-default\"><a href=\"https:\/\/www.instagram.com\/kraftdjur_com\/\" target=\"_blank\" rel=\"noreferrer noopener\"><img loading=\"lazy\" decoding=\"async\" width=\"150\" height=\"150\" data-id=\"210\" src=\"https:\/\/kraftdjur.com\/wp-content\/uploads\/2024\/01\/instagram-icon-1-150x150.webp\" alt=\"\" class=\"wp-image-210\" srcset=\"https:\/\/kraftdjur.com\/wp-content\/uploads\/2024\/01\/instagram-icon-1-150x150.webp 150w, https:\/\/kraftdjur.com\/wp-content\/uploads\/2024\/01\/instagram-icon-1-300x300.webp 300w, https:\/\/kraftdjur.com\/wp-content\/uploads\/2024\/01\/instagram-icon-1-1024x1024.webp 1024w, https:\/\/kraftdjur.com\/wp-content\/uploads\/2024\/01\/instagram-icon-1-768x768.webp 768w, https:\/\/kraftdjur.com\/wp-content\/uploads\/2024\/01\/instagram-icon-1-60x60.webp 60w, https:\/\/kraftdjur.com\/wp-content\/uploads\/2024\/01\/instagram-icon-1.webp 1200w\" sizes=\"auto, (max-width: 150px) 100vw, 150px\" \/><\/a><\/figure>\n<\/figure>\n","protected":false},"excerpt":{"rendered":"<p>Fr\u00e5gor eller synpunkter? Skriv ett mail till: Kraftdjur@kraftdjur.com F\u00f6lj g\u00e4rna Kraftdjur p\u00e5 v\u00e5ra sociala medier:<\/p>\n","protected":false},"author":1,"featured_media":194,"parent":0,"menu_order":0,"comment_status":"closed","ping_status":"closed","template":"","meta":{"footnotes":""},"class_list":["post-206","page","type-page","status-publish","has-post-thumbnail","hentry"],"_links":{"self":[{"href":"https:\/\/kraftdjur.com\/index.php\/wp-json\/wp\/v2\/pages\/206","targetHints":{"allow":["GET"]}}],"collection":[{"href":"https:\/\/kraftdjur.com\/index.php\/wp-json\/wp\/v2\/pages"}],"about":[{"href":"https:\/\/kraftdjur.com\/index.php\/wp-json\/wp\/v2\/types\/page"}],"author":[{"embeddable":true,"href":"https:\/\/kraftdjur.com\/index.php\/wp-json\/wp\/v2\/users\/1"}],"replies":[{"embeddable":true,"href":"https:\/\/kraftdjur.com\/index.php\/wp-json\/wp\/v2\/comments?post=206"}],"version-history":[{"count":4,"href":"https:\/\/kraftdjur.com\/index.php\/wp-json\/wp\/v2\/pages\/206\/revisions"}],"predecessor-version":[{"id":218,"href":"https:\/\/kraftdjur.com\/index.php\/wp-json\/wp\/v2\/pages\/206\/revisions\/218"}],"wp:featuredmedia":[{"embeddable":true,"href":"https:\/\/kraftdjur.com\/index.php\/wp-json\/wp\/v2\/media\/194"}],"wp:attachment":[{"href":"https:\/\/kraftdjur.com\/index.php\/wp-json\/wp\/v2\/media?parent=206"}],"curies":[{"name":"wp","href":"https:\/\/api.w.org\/{rel}","templated":true}]}}