{"id":17,"date":"2024-01-08T21:48:54","date_gmt":"2024-01-08T20:48:54","guid":{"rendered":"https:\/\/kraftdjur.com\/?page_id=17"},"modified":"2026-04-22T12:07:13","modified_gmt":"2026-04-22T10:07:13","slug":"hem","status":"publish","type":"page","link":"https:\/\/kraftdjur.com\/","title":{"rendered":"Kraftdjur.com"},"content":{"rendered":"\n<p>V\u00e4lkommen till Kraftdjur.com <br>Kraftdjur \u00e4r ett uttryck f\u00f6r den energi vi kan f\u00e5 (l\u00e5na) av olika djur. Det kan vara vanliga djur som hund, katt och h\u00f6na eller det kan vara exotiska djur som tiger och k\u00e4nguru. Det kan \u00e4ven vara mytologiska djur och sagov\u00e4sen som drakar och enh\u00f6rningar.<\/p>\n\n\n\n<figure class=\"wp-block-image size-full\"><img loading=\"lazy\" decoding=\"async\" width=\"820\" height=\"340\" src=\"https:\/\/kraftdjur.com\/wp-content\/uploads\/2024\/01\/IMG_6937-1.jpeg\" alt=\"\" class=\"wp-image-194\" srcset=\"https:\/\/kraftdjur.com\/wp-content\/uploads\/2024\/01\/IMG_6937-1.jpeg 820w, https:\/\/kraftdjur.com\/wp-content\/uploads\/2024\/01\/IMG_6937-1-300x124.jpeg 300w, https:\/\/kraftdjur.com\/wp-content\/uploads\/2024\/01\/IMG_6937-1-768x318.jpeg 768w, https:\/\/kraftdjur.com\/wp-content\/uploads\/2024\/01\/IMG_6937-1-145x60.jpeg 145w\" sizes=\"auto, (max-width: 820px) 100vw, 820px\" \/><\/figure>\n","protected":false},"excerpt":{"rendered":"<p>V\u00e4lkommen till Kraftdjur.com Kraftdjur \u00e4r ett uttryck f\u00f6r den energi vi kan f\u00e5 (l\u00e5na) av olika djur. Det kan vara vanliga djur som hund, katt och h\u00f6na eller det kan &hellip; <\/p>\n","protected":false},"author":1,"featured_media":816,"parent":0,"menu_order":0,"comment_status":"closed","ping_status":"closed","template":"","meta":{"footnotes":""},"class_list":["post-17","page","type-page","status-publish","has-post-thumbnail","hentry"],"_links":{"self":[{"href":"https:\/\/kraftdjur.com\/index.php\/wp-json\/wp\/v2\/pages\/17","targetHints":{"allow":["GET"]}}],"collection":[{"href":"https:\/\/kraftdjur.com\/index.php\/wp-json\/wp\/v2\/pages"}],"about":[{"href":"https:\/\/kraftdjur.com\/index.php\/wp-json\/wp\/v2\/types\/page"}],"author":[{"embeddable":true,"href":"https:\/\/kraftdjur.com\/index.php\/wp-json\/wp\/v2\/users\/1"}],"replies":[{"embeddable":true,"href":"https:\/\/kraftdjur.com\/index.php\/wp-json\/wp\/v2\/comments?post=17"}],"version-history":[{"count":9,"href":"https:\/\/kraftdjur.com\/index.php\/wp-json\/wp\/v2\/pages\/17\/revisions"}],"predecessor-version":[{"id":824,"href":"https:\/\/kraftdjur.com\/index.php\/wp-json\/wp\/v2\/pages\/17\/revisions\/824"}],"wp:featuredmedia":[{"embeddable":true,"href":"https:\/\/kraftdjur.com\/index.php\/wp-json\/wp\/v2\/media\/816"}],"wp:attachment":[{"href":"https:\/\/kraftdjur.com\/index.php\/wp-json\/wp\/v2\/media?parent=17"}],"curies":[{"name":"wp","href":"https:\/\/api.w.org\/{rel}","templated":true}]}}